{"id":1706,"date":"2016-02-24T05:23:09","date_gmt":"2016-02-24T05:23:09","guid":{"rendered":"https:\/\/abrahamderoman.com\/clasesdejazz\/?page_id=1706"},"modified":"2025-03-21T07:28:00","modified_gmt":"2025-03-21T06:28:00","slug":"abraham-de-roman-profesor-de-jazz","status":"publish","type":"page","link":"https:\/\/abrahamderoman.com\/clasesdejazz\/abraham-de-roman-profesor-de-jazz\/","title":{"rendered":"Sobre M\u00ed"},"content":{"rendered":"<p><div class=\"fusion-fullwidth fullwidth-box fusion-builder-row-1 nonhundred-percent-fullwidth non-hundred-percent-height-scrolling fusion-equal-height-columns\" style=\"--awb-border-sizes-top:0px;--awb-border-sizes-bottom:0px;--awb-border-sizes-left:0px;--awb-border-sizes-right:0px;--awb-border-radius-top-left:0px;--awb-border-radius-top-right:0px;--awb-border-radius-bottom-right:0px;--awb-border-radius-bottom-left:0px;--awb-padding-top:40px;--awb-padding-bottom:60px;--awb-flex-wrap:wrap;\" ><div class=\"fusion-builder-row fusion-row\"><div class=\"fusion-layout-column fusion_builder_column fusion-builder-column-0 fusion_builder_column_1_2 1_2 fusion-one-half fusion-column-first\" style=\"--awb-bg-size:cover;width:48%; margin-right: 4%;\"><div class=\"fusion-column-wrapper fusion-flex-column-wrapper-legacy\"><div class=\"fusion-image-element in-legacy-container\" style=\"--awb-caption-title-font-family:var(--h2_typography-font-family);--awb-caption-title-font-weight:var(--h2_typography-font-weight);--awb-caption-title-font-style:var(--h2_typography-font-style);--awb-caption-title-size:var(--h2_typography-font-size);--awb-caption-title-transform:var(--h2_typography-text-transform);--awb-caption-title-line-height:var(--h2_typography-line-height);--awb-caption-title-letter-spacing:var(--h2_typography-letter-spacing);\"><span class=\" fusion-imageframe imageframe-none imageframe-1 hover-type-none\"><img decoding=\"async\" width=\"561\" height=\"503\" alt=\"So\u00f1ra: primer trabajo discogr\u00e1fico como l\u00edder en formato de sexteto de Abraham de Rom\u00e1n.\" title=\"SON\u0303AR-Recortada\" src=\"https:\/\/abrahamderoman.com\/clasesdejazz\/wp-content\/uploads\/sites\/3\/2019\/10\/SON\u0303AR-Recortada.png\" data-orig-src=\"https:\/\/abrahamderoman.com\/clasesdejazz\/wp-content\/uploads\/sites\/3\/2019\/10\/SON\u0303AR-Recortada.png\" class=\"lazyload img-responsive wp-image-3584\" srcset=\"data:image\/svg+xml,%3Csvg%20xmlns%3D%27http%3A%2F%2Fwww.w3.org%2F2000%2Fsvg%27%20width%3D%27561%27%20height%3D%27503%27%20viewBox%3D%270%200%20561%20503%27%3E%3Crect%20width%3D%27561%27%20height%3D%27503%27%20fill-opacity%3D%220%22%2F%3E%3C%2Fsvg%3E\" data-srcset=\"https:\/\/abrahamderoman.com\/clasesdejazz\/wp-content\/uploads\/sites\/3\/2019\/10\/SON\u0303AR-Recortada-200x179.png 200w, https:\/\/abrahamderoman.com\/clasesdejazz\/wp-content\/uploads\/sites\/3\/2019\/10\/SON\u0303AR-Recortada-400x359.png 400w, https:\/\/abrahamderoman.com\/clasesdejazz\/wp-content\/uploads\/sites\/3\/2019\/10\/SON\u0303AR-Recortada.png 561w\" data-sizes=\"auto\" data-orig-sizes=\"(max-width: 800px) 100vw, 561px\" \/><\/span><\/div><div class=\"fusion-clearfix\"><\/div><\/div><\/div><div class=\"fusion-layout-column fusion_builder_column fusion-builder-column-1 fusion_builder_column_1_2 1_2 fusion-one-half fusion-column-last\" style=\"--awb-bg-size:cover;width:48%;\"><div class=\"fusion-column-wrapper fusion-flex-column-wrapper-legacy\"><div class=\"fusion-column-content-centered\"><div class=\"fusion-column-content\"><div class=\"fusion-text fusion-text-1\"><p>Soy un saxofonista y compositor sevillano afincado en Euskadi desde 2005. Algunos me consideran uno de los docentes de referencia en el tercio Norte de la Pen\u00ednsula.<\/p>\n<p>Mi formaci\u00f3n comienza con la m\u00fasica cl\u00e1sica en 1994 (Conservatorios \u201cAndr\u00e9s Segovia\u201d y \u201cFrancisco Guerrero\u201d de Sevilla) y continua por los derroteros del jazz, titul\u00e1ndome tambi\u00e9n en dicha especialidad en el a\u00f1o 2009 (<a href=\"http:\/\/musikene.eus\/\" rel=\"noopener undefined noreferrer\" data-content=\"http:\/\/musikene.eus\/\" data-type=\"external\">Musikene<\/a>, Centro Superior de M\u00fasica del Pa\u00eds Vasco). Siempre inquieto, hoy en d\u00eda sigo ampliando mi formaci\u00f3n con diversos cursos de m\u00fasica (Berklee School of Music) y marketing digital.<\/p>\n<p>Tras ganar el premio Impulso de la VII edici\u00f3n de los Premios BBK Jazz (2016), present\u00e9 mi primer trabajo discogr\u00e1fico como l\u00edder, contando con la colaboraci\u00f3n especial de <a href=\"http:\/\/www.jorgerossy.com\/\" rel=\"noopener undefined noreferrer\" data-content=\"http:\/\/www.jorgerossy.com\/\" data-type=\"external\">Jorge Rossy<\/a>: \u201cSo\u00f1ar\u201d, un \u00e1lbum que a\u00fana diferentes fragmentos de mi vida y os invita a viajar a trav\u00e9s de ellos\u2026<br \/>\nPara completar esta informaci\u00f3n no dejes de visitar <a href=\"\/abraham-de-roman-musico-de-jazz\/\">BIOGRAF\u00cdA<\/a><\/p>\n<\/div><\/div><\/div><div class=\"fusion-clearfix\"><\/div><\/div><\/div><\/div><\/div><div class=\"fusion-fullwidth fullwidth-box fusion-builder-row-2 fusion-parallax-none nonhundred-percent-fullwidth non-hundred-percent-height-scrolling lazyload\" style=\"--awb-background-position:center top;--awb-background-blend-mode:overlay;--awb-border-sizes-top:0px;--awb-border-sizes-bottom:0px;--awb-border-sizes-left:0px;--awb-border-sizes-right:0px;--awb-border-radius-top-left:0px;--awb-border-radius-top-right:0px;--awb-border-radius-bottom-right:0px;--awb-border-radius-bottom-left:0px;--awb-padding-top:12%;--awb-padding-bottom:12%;--awb-background-color:#00799d;--awb-background-size:cover;--awb-flex-wrap:wrap;\" data-bg=\"https:\/\/abrahamderoman.com\/clasesdejazz\/wp-content\/uploads\/sites\/3\/2019\/10\/disposicion-equipo-abraham-de-roman-clases-de-jazz_DSC5940-copia.jpg\" id=\"misetup\" ><div class=\"fusion-builder-row fusion-row\"><div class=\"fusion-layout-column fusion_builder_column fusion-builder-column-2 fusion_builder_column_1_1 1_1 fusion-one-full fusion-column-first fusion-column-last fusion-animated\" style=\"--awb-padding-top:4%;--awb-padding-right:11%;--awb-padding-bottom:5%;--awb-padding-left:11%;--awb-bg-size:cover;--awb-border-color:#ffffff;--awb-border-top:10px;--awb-border-right:10px;--awb-border-bottom:10px;--awb-border-left:10px;--awb-border-style:solid;--awb-margin-bottom:0px;\" data-animationType=\"fadeInUp\" data-animationDuration=\"0.8\" data-animationOffset=\"top-into-view\"><div class=\"fusion-column-wrapper fusion-flex-column-wrapper-legacy\"><div class=\"fusion-sep-clear\"><\/div><div class=\"fusion-separator fusion-full-width-sep\" style=\"margin-left: auto;margin-right: auto;margin-top:10px;width:100%;\"><\/div><div class=\"fusion-sep-clear\"><\/div><div class=\"fusion-title title fusion-title-1 fusion-title-center fusion-title-text fusion-title-size-two\" style=\"--awb-text-color:#ffffff;--awb-margin-bottom:20px;--awb-margin-top-small:0px;--awb-margin-right-small:0px;--awb-margin-bottom-small:20px;--awb-margin-left-small:0px;\"><div class=\"title-sep-container title-sep-container-left\"><div class=\"title-sep sep- sep-solid\" style=\"border-color:#e2e2e2;\"><\/div><\/div><span class=\"awb-title-spacer\"><\/span><h2 class=\"fusion-title-heading title-heading-center fusion-responsive-typography-calculated\" style=\"margin:0;--fontSize:48;line-height:1.2;\">Mi Setup<\/h2><span class=\"awb-title-spacer\"><\/span><div class=\"title-sep-container title-sep-container-right\"><div class=\"title-sep sep- sep-solid\" style=\"border-color:#e2e2e2;\"><\/div><\/div><\/div><div class=\"fusion-text fusion-text-2\"><p style=\"text-align: center;\"><span style=\"color: #ffffff;\">Si te gusta la cacharrer\u00eda este es tu sitio: encontrar\u00e1s qu\u00e9 saxos uso, boquillas, leng\u00fcetas, abrazaderas, micr\u00f3fonos, grabadoras, altavoces, etc\u2026<\/span><\/p>\n<\/div><div class=\"fusion-sep-clear\"><\/div><div class=\"fusion-separator fusion-full-width-sep\" style=\"margin-left: auto;margin-right: auto;margin-top:16px;width:100%;\"><\/div><div class=\"fusion-sep-clear\"><\/div><div class=\"fusion-clearfix\"><\/div><\/div><\/div><\/div><\/div><div class=\"fusion-fullwidth fullwidth-box fusion-builder-row-3 hundred-percent-fullwidth non-hundred-percent-height-scrolling fusion-equal-height-columns\" style=\"--awb-background-position:left top;--awb-border-sizes-top:0px;--awb-border-sizes-bottom:0px;--awb-border-sizes-left:0px;--awb-border-sizes-right:0px;--awb-border-radius-top-left:0px;--awb-border-radius-top-right:0px;--awb-border-radius-bottom-right:0px;--awb-border-radius-bottom-left:0px;--awb-padding-top:0px;--awb-padding-right:0px;--awb-padding-bottom:0px;--awb-padding-left:0px;--awb-flex-wrap:wrap;\" ><div class=\"fusion-builder-row fusion-row\"><div class=\"fusion-layout-column fusion_builder_column fusion-builder-column-3 fusion_builder_column_1_2 1_2 fusion-one-half fusion-column-first fusion-column-inner-bg-wrapper fusion-animated\" style=\"--awb-inner-bg-color:#1a1a1a;--awb-inner-bg-color-hover:#1a1a1a;--awb-inner-bg-position:center top;--awb-inner-bg-size:cover;--awb-margin-bottom:0px;\" data-animationType=\"fadeInLeft\" data-animationDuration=\"0.5\" data-animationOffset=\"top-into-view\"><span class=\"fusion-column-inner-bg hover-type-zoomin\"><span class=\"fusion-column-anchor\"><span class=\"fusion-column-inner-bg-image lazyload\" data-bg=\"https:\/\/abrahamderoman.com\/clasesdejazz\/wp-content\/uploads\/sites\/3\/2019\/10\/mi-setup-1DSC0034-abrahamderoman-800x800.jpg\"><\/span><\/span><\/span><div class=\"fusion-column-wrapper fusion-flex-column-wrapper-legacy fusion-empty-column-bg-image fusion-column-has-bg-image\" data-bg-url=\"https:\/\/abrahamderoman.com\/clasesdejazz\/wp-content\/uploads\/sites\/3\/2019\/10\/mi-setup-1DSC0034-abrahamderoman-800x800.jpg\"><img decoding=\"async\" class=\"fusion-empty-dims-img-placeholder fusion-no-large-visibility\" aria-label=\"mi-setup-1DSC0034-abrahamderoman\" src=\"data:image\/svg+xml,%3Csvg%20xmlns%3D%27http%3A%2F%2Fwww.w3.org%2F2000%2Fsvg%27%20width%3D%27800%27%20height%3D%27800%27%20viewBox%3D%270%200%20800%20800%27%3E%3Crect%20width%3D%27800%27%20height%3D%27800%27%20fill-opacity%3D%220%22%2F%3E%3C%2Fsvg%3E\"><div class=\"fusion-clearfix\"><\/div><\/div><\/div><div class=\"fusion-layout-column fusion_builder_column fusion-builder-column-4 fusion_builder_column_1_2 1_2 fusion-one-half fusion-column-last\" style=\"--awb-padding-top:10%;--awb-padding-right:10%;--awb-padding-bottom:10%;--awb-padding-left:10%;--awb-bg-size:cover;--awb-margin-bottom:0px;width:48%;\"><div class=\"fusion-column-wrapper fusion-flex-column-wrapper-legacy\"><div class=\"fusion-column-content-centered\"><div class=\"fusion-column-content\"><div class=\"fusion-title title fusion-title-2 fusion-title-text fusion-title-size-three\" style=\"--awb-margin-top-small:0px;--awb-margin-right-small:0px;--awb-margin-bottom-small:20px;--awb-margin-left-small:0px;\"><h3 class=\"fusion-title-heading title-heading-left fusion-responsive-typography-calculated\" style=\"margin:0;--fontSize:28;line-height:1.6;\">Instrumentos<\/h3><span class=\"awb-title-spacer\"><\/span><div class=\"title-sep-container\"><div class=\"title-sep sep- sep-solid\" style=\"border-color:#e2e2e2;\"><\/div><\/div><\/div><div class=\"fusion-text fusion-text-3\"><h5 data-fontsize=\"16\" data-lineheight=\"29\">Mi colecci\u00f3n Personal<\/h5>\n<p><strong>Saxofones<\/strong><\/p>\n<p>2019 \u2013 Tenor P. Mauriat PMST-86 &#8211; <a href=\"https:\/\/www.pmauriatmusic.com\/en\/artists\/abraham-de-roman\/\" target=\"_blank\" rel=\"noopener\">P. Mauriat ARTIST ENDORSEMENT<\/a><br \/>\n1962 \u2013 Tenor Selmer Mark VI 99.xxx<br \/>\n1961 \u2013 Alto Selmer Mark VI 94.xxx<br \/>\n1971 \u2013 Alto Selmer Mark VI 184.xxx<br \/>\n198x \u2013 Alto Yamaha YAS-62<br \/>\n1987 \u2013 Soprano Yamaha YSS-62<br \/>\n1938 \u2013 Tenor VKS Kohlert<br \/>\n1930 \u2013 Martin Handcraft \u201cTypewriter\u201d<\/p>\n<p><strong>Flautas<\/strong><br \/>\n2004 \u2013 <a href=\"https:\/\/amzn.to\/3bU6BFj\" target=\"_blank\" rel=\"nofollow noopener noreferrer\">Flauta Yamaha YFL-471 HIIAL \u201cAllegro\u201d<\/a><\/p>\n<p><strong>Saxof\u00f3n MIDI<\/strong><br \/>\n<a href=\"https:\/\/amzn.to\/4bY916a\" target=\"_blank\" rel=\"nofollow noopener\">Yamaha YDS-150<\/a><\/p>\n<p><strong>Teclado Maestro<\/strong><br \/>\n<a href=\"https:\/\/www.thomann.de\/es\/swissonic_easykey_61.htm?partner_id=14984\">Swissonic EasyKey61<\/a><\/p>\n<p><strong>Piano el\u00e9ctrico<\/strong><br \/>\nYamaha Clavinova CLP-950<\/p>\n<\/div><\/div><\/div><div class=\"fusion-clearfix\"><\/div><\/div><\/div><\/div><\/div><div class=\"fusion-fullwidth fullwidth-box fusion-builder-row-4 hundred-percent-fullwidth non-hundred-percent-height-scrolling fusion-equal-height-columns fusion-no-small-visibility fusion-no-medium-visibility\" style=\"--awb-background-position:left top;--awb-border-sizes-top:0px;--awb-border-sizes-bottom:0px;--awb-border-sizes-left:0px;--awb-border-sizes-right:0px;--awb-border-radius-top-left:0px;--awb-border-radius-top-right:0px;--awb-border-radius-bottom-right:0px;--awb-border-radius-bottom-left:0px;--awb-padding-top:0px;--awb-padding-right:0px;--awb-padding-bottom:0px;--awb-padding-left:0px;--awb-flex-wrap:wrap;\" ><div class=\"fusion-builder-row fusion-row\"><div class=\"fusion-layout-column fusion_builder_column fusion-builder-column-5 fusion_builder_column_1_2 1_2 fusion-one-half fusion-column-first\" style=\"--awb-padding-top:10%;--awb-padding-right:10%;--awb-padding-bottom:10%;--awb-padding-left:10%;--awb-bg-size:cover;--awb-margin-bottom:0px;\"><div class=\"fusion-column-wrapper fusion-flex-column-wrapper-legacy\"><div class=\"fusion-column-content-centered\"><div class=\"fusion-column-content\"><div class=\"fusion-title title fusion-title-3 fusion-title-text fusion-title-size-three\" style=\"--awb-margin-top-small:0px;--awb-margin-right-small:0px;--awb-margin-bottom-small:20px;--awb-margin-left-small:0px;\"><div class=\"title-sep-container\"><div class=\"title-sep sep- sep-solid\" style=\"border-color:#e2e2e2;\"><\/div><\/div><span class=\"awb-title-spacer\"><\/span><h3 class=\"fusion-title-heading title-heading-right fusion-responsive-typography-calculated\" style=\"margin:0;--fontSize:28;line-height:1.6;\"><p style=\"text-align: right;\">Otros materiales<\/p><\/h3><\/div><div class=\"fusion-text fusion-text-4\"><h5 style=\"text-align: right;\" data-fontsize=\"16\" data-lineheight=\"29\">Boquillas, abrazaderas, leng\u00fcetas&#8230;<\/h5>\n<p style=\"text-align: right;\"><strong>Boquilla de Saxo Tenor<\/strong><br \/>\nContreras #8<\/p>\n<p style=\"text-align: right;\"><strong>Leng\u00fcetas de Saxo Tenor<\/strong><br \/>\nRIGOTTI ARTIST ENDORSEMENT &#8211; Rigotti Gold #3&#8217;5 strong<br \/>\nFran\u00e7ois Louis Excellence #3\u20195<br \/>\n<a href=\"https:\/\/www.thomann.de\/es\/gonzalez_tenor_sax_reed_local_627_4.htm\" target=\"_blank\" rel=\"noopener noreferrer\">Gonzalez Jazz Local 627 #4<\/a><br \/>\nGonzalez Mendoza #4<\/p>\n<p style=\"text-align: right;\"><strong>Boquilla de Saxo Alto<\/strong><br \/>\nAaron Drake NY Jazz Vintage Resine #5<\/p>\n<p style=\"text-align: right;\"><strong>Leng\u00fcetas de Saxo Alto<\/strong><br \/>\n<a href=\"https:\/\/amzn.to\/36nR5QG\" target=\"_blank\" rel=\"nofollow noopener noreferrer\">D\u2019Addario Woodwinds (RICO) F. Henke #3\u20195<\/a><\/p>\n<p style=\"text-align: right;\"><strong>Boquilla de Saxo Soprano<\/strong><br \/>\nVintage by Morgan #6<\/p>\n<p style=\"text-align: right;\"><strong>Leng\u00fcetas de Saxo Soprano<\/strong><br \/>\n<a href=\"https:\/\/www.thomann.de\/es\/marca_jazz_soprano_sax_35.htm\" target=\"_blank\" rel=\"noopener noreferrer\">Marca Jazz #3\u20195<\/a><\/p>\n<p style=\"text-align: right;\"><strong>Boquilla de Saxo Bar\u00edtono<\/strong><br \/>\nVandoren v16 B9<\/p>\n<p style=\"text-align: right;\"><strong>Leng\u00fcetas de Saxo Bar\u00edtono<\/strong><br \/>\nL\u00e9g\u00e8re\u00a0 Classic #3<\/p>\n<p style=\"text-align: right;\">\u200b<strong>Abrazaderas<\/strong><br \/>\nFran\u00e7ois Louis Ultimate Pure Brass en todos los saxofones<br \/>\n\u2013 <a href=\"https:\/\/www.thomann.de\/es\/francois_louis_ultimate_soprano_sax_brass_xl.htm\" target=\"_blank\" rel=\"noopener noreferrer\">Soprano<\/a><br \/>\n\u2013 <a href=\"https:\/\/www.thomann.de\/es\/francois_louis_ultimate_alto_sax_ligature_xl.htm\" target=\"_blank\" rel=\"noopener noreferrer\">Alto<\/a><br \/>\n\u2013 <a href=\"https:\/\/www.thomann.de\/es\/francois_louis_ultimate_tenor_sax_brass_xl.htm\" target=\"_blank\" rel=\"noopener noreferrer\">Tenor<\/a><\/p>\n<p style=\"text-align: right;\">alternativa para tenor <a href=\"https:\/\/amzn.to\/2LVHvLI\" target=\"_blank\" rel=\"nofollow noopener noreferrer\">Rovner VERSA X-2R<\/a><br \/>\n<a href=\"https:\/\/amzn.to\/2LVHvLI\" target=\"_blank\" rel=\"nofollow noopener noreferrer\">\u2013 Bar\u00edtono<\/a><\/p>\n<p style=\"text-align: right;\"><strong>Compensadores<\/strong><br \/>\n<a href=\"https:\/\/www.thomann.de\/es\/silverstein_omnipatch_clear.htm\" target=\"_blank\" rel=\"noopener noreferrer\">Silverstein Omnipatch Clear<\/a><\/p>\n<\/div><\/div><\/div><div class=\"fusion-clearfix\"><\/div><\/div><\/div><div class=\"fusion-layout-column fusion_builder_column fusion-builder-column-6 fusion_builder_column_1_2 1_2 fusion-one-half fusion-column-last fusion-column-inner-bg-wrapper fusion-animated\" style=\"--awb-inner-bg-color:#1a1a1a;--awb-inner-bg-color-hover:#1a1a1a;--awb-inner-bg-size:cover;--awb-margin-bottom:0px;\" data-animationType=\"flash\" data-animationDuration=\"0.5\" data-animationOffset=\"top-into-view\"><span class=\"fusion-column-inner-bg hover-type-zoomin\"><span class=\"fusion-column-anchor\"><span class=\"fusion-column-inner-bg-image lazyload\" data-bg=\"https:\/\/abrahamderoman.com\/clasesdejazz\/wp-content\/uploads\/sites\/3\/2019\/10\/mi-setup-p3220010-abrahamderoman-clasesdejazz.JPG-800x801.jpg\"><\/span><\/span><\/span><div class=\"fusion-column-wrapper fusion-flex-column-wrapper-legacy fusion-empty-column-bg-image fusion-column-has-bg-image\" data-bg-url=\"https:\/\/abrahamderoman.com\/clasesdejazz\/wp-content\/uploads\/sites\/3\/2019\/10\/mi-setup-p3220010-abrahamderoman-clasesdejazz.JPG-800x801.jpg\"><img decoding=\"async\" class=\"fusion-empty-dims-img-placeholder fusion-no-large-visibility\" aria-label=\"mi-setup-p3220010-abrahamderoman-clasesdejazz.JPG\" src=\"data:image\/svg+xml,%3Csvg%20xmlns%3D%27http%3A%2F%2Fwww.w3.org%2F2000%2Fsvg%27%20width%3D%27800%27%20height%3D%27801%27%20viewBox%3D%270%200%20800%20801%27%3E%3Crect%20width%3D%27800%27%20height%3D%27801%27%20fill-opacity%3D%220%22%2F%3E%3C%2Fsvg%3E\"><div class=\"fusion-clearfix\"><\/div><\/div><\/div><\/div><\/div><div class=\"fusion-fullwidth fullwidth-box fusion-builder-row-5 hundred-percent-fullwidth non-hundred-percent-height-scrolling fusion-equal-height-columns\" style=\"--awb-background-position:left top;--awb-border-sizes-top:0px;--awb-border-sizes-bottom:0px;--awb-border-sizes-left:0px;--awb-border-sizes-right:0px;--awb-border-radius-top-left:0px;--awb-border-radius-top-right:0px;--awb-border-radius-bottom-right:0px;--awb-border-radius-bottom-left:0px;--awb-padding-top:0px;--awb-padding-right:0px;--awb-padding-bottom:0px;--awb-padding-left:0px;--awb-flex-wrap:wrap;\" ><div class=\"fusion-builder-row fusion-row\"><div class=\"fusion-layout-column fusion_builder_column fusion-builder-column-7 fusion_builder_column_1_2 1_2 fusion-one-half fusion-column-first fusion-column-inner-bg-wrapper fusion-animated\" style=\"--awb-inner-bg-color:#1a1a1a;--awb-inner-bg-color-hover:#1a1a1a;--awb-inner-bg-size:cover;--awb-border-color:#000000;--awb-border-top:15px;--awb-border-right:15px;--awb-border-bottom:15px;--awb-border-left:15px;--awb-border-style:solid;--awb-margin-bottom:0px;\" data-animationType=\"flash\" data-animationDuration=\"0.5\" data-animationOffset=\"top-into-view\"><span class=\"fusion-column-inner-bg hover-type-zoomin\"><span class=\"fusion-column-anchor\"><span class=\"fusion-column-inner-bg-image lazyload\" data-bg=\"https:\/\/abrahamderoman.com\/clasesdejazz\/wp-content\/uploads\/sites\/3\/2019\/10\/Lewitt-440-Pure-Marco.jpg\"><\/span><\/span><\/span><div class=\"fusion-column-wrapper fusion-column-has-shadow fusion-flex-column-wrapper-legacy fusion-empty-column-bg-image fusion-column-has-bg-image\" data-bg-url=\"https:\/\/abrahamderoman.com\/clasesdejazz\/wp-content\/uploads\/sites\/3\/2019\/10\/Lewitt-440-Pure-Marco.jpg\"><img decoding=\"async\" class=\"fusion-empty-dims-img-placeholder fusion-no-large-visibility\" aria-label=\"Lewitt-440-Pure-Marco\" src=\"data:image\/svg+xml,%3Csvg%20xmlns%3D%27http%3A%2F%2Fwww.w3.org%2F2000%2Fsvg%27%20width%3D%27700%27%20height%3D%27700%27%20viewBox%3D%270%200%20700%20700%27%3E%3Crect%20width%3D%27700%27%20height%3D%27700%27%20fill-opacity%3D%220%22%2F%3E%3C%2Fsvg%3E\"><div class=\"fusion-clearfix\"><\/div><\/div><\/div><div class=\"fusion-layout-column fusion_builder_column fusion-builder-column-8 fusion_builder_column_1_2 1_2 fusion-one-half fusion-column-last\" style=\"--awb-padding-top:10%;--awb-padding-right:10%;--awb-padding-bottom:10%;--awb-padding-left:10%;--awb-bg-size:cover;--awb-margin-bottom:0px;\"><div class=\"fusion-column-wrapper fusion-flex-column-wrapper-legacy\"><div class=\"fusion-column-content-centered\"><div class=\"fusion-column-content\"><div class=\"fusion-title title fusion-title-4 fusion-title-text fusion-title-size-three\" style=\"--awb-margin-top-small:0px;--awb-margin-right-small:0px;--awb-margin-bottom-small:20px;--awb-margin-left-small:0px;\"><h3 class=\"fusion-title-heading title-heading-left fusion-responsive-typography-calculated\" style=\"margin:0;--fontSize:28;line-height:1.6;\">Equipo de Sonido<\/h3><span class=\"awb-title-spacer\"><\/span><div class=\"title-sep-container\"><div class=\"title-sep sep- sep-solid\" style=\"border-color:#e2e2e2;\"><\/div><\/div><\/div><div class=\"fusion-text fusion-text-5\"><h5 data-fontsize=\"16\" data-lineheight=\"29\">\u00bfC\u00f3mo recojo el sonido? \u00bfPor d\u00f3nde lo oigo?<\/h5>\n<p><strong>Microfon\u00eda<\/strong><br \/>\n<a href=\"https:\/\/amzn.to\/3bZwd3m\" target=\"_blank\" rel=\"nofollow noopener noreferrer\">Lewitt LCT 440 PURE<\/a><br \/>\nTransductor por condensador<br \/>\nPatr\u00f3n polar cardioide<br \/>\nGran diafragma<\/p>\n<p><a href=\"https:\/\/www.thomann.de\/es\/the_tbone_rm700.htm?ref=search_prv_4?partner_id=14984\" target=\"_blank\" rel=\"noopener noreferrer\">the t.bone RM 700<\/a><br \/>\nTransductor por cinta<br \/>\nPatr\u00f3n polar figura de 8<\/p>\n<p><strong>Grabadora<\/strong><br \/>\n<a href=\"https:\/\/amzn.to\/36oMg9S\" target=\"_blank\" rel=\"nofollow noopener noreferrer\">Zoom H2n (Grabadora XY, MS y Surround [2 y 4 canales] con 5 c\u00e1psulas incorporadas)<\/a><\/p>\n<p><a href=\"https:\/\/amzn.to\/2XrR9uP\" target=\"_blank\" rel=\"nofollow noopener noreferrer\">Y su Kit de accesorios originales.<\/a><\/p>\n<p><strong>Auriculares<br \/>\n<\/strong><\/p>\n<div id=\"title_feature_div\" class=\"celwidget\" data-feature-name=\"title\" data-csa-c-type=\"widget\" data-csa-c-content-id=\"title\" data-csa-c-slot-id=\"title_feature_div\" data-csa-c-asin=\"B0016MNAAI\" data-csa-c-is-in-initial-active-row=\"false\" data-csa-c-id=\"e7xybw-x749o9-jeqzul-vktuo6\" data-cel-widget=\"title_feature_div\">\n<div id=\"titleSection\" class=\"a-section a-spacing-none\">\n<p id=\"title\" class=\"a-size-large a-spacing-none\"><a href=\"Beyerdynamic DT 770 PRO 32 Ohm Auriculares de estudio\" target=\"_blank\" rel=\"nofollow noopener\"><span id=\"productTitle\" class=\"a-size-large product-title-word-break\">Beyerdynamic DT 770 PRO 32 Ohm (Auriculares de Estudio)<\/span><\/a><span id=\"titleEDPPlaceHolder\"><\/span><\/p>\n<\/div>\n<\/div>\n<p><a href=\"https:\/\/amzn.to\/2WXXaAr\" target=\"_blank\" rel=\"nofollow noopener noreferrer\">Bose SoundLink II (inal\u00e1mbricos externos cerrados)<\/a><\/p>\n<p><a href=\"https:\/\/amzn.to\/2XmFD3H\" target=\"_blank\" rel=\"nofollow noopener noreferrer\">Bose QuietComfort 35 II (con cancelaci\u00f3n de ruido)<\/a><\/p>\n<p><strong>Tarjeta de sonido\/Interface de Audio<\/strong><br \/>\n<a href=\"https:\/\/amzn.to\/2AOipfc\" target=\"_blank\" rel=\"nofollow noopener noreferrer\">Focusrite Scarlett 2i4\u200b<\/a><\/p>\n<p><strong>Monitores<\/strong><br \/>\n<a href=\"https:\/\/amzn.to\/36xbCCE\" target=\"_blank\" rel=\"nofollow noopener noreferrer\">Mackie MR6 MK3<\/a><\/p>\n<\/div><\/div><\/div><div class=\"fusion-clearfix\"><\/div><\/div><\/div><\/div><\/div><\/p>\n","protected":false},"excerpt":{"rendered":"","protected":false},"author":1,"featured_media":0,"parent":0,"menu_order":0,"comment_status":"closed","ping_status":"closed","template":"100-width.php","meta":{"footnotes":""},"class_list":["post-1706","page","type-page","status-publish","hentry"],"aioseo_notices":[],"_links":{"self":[{"href":"https:\/\/abrahamderoman.com\/clasesdejazz\/wp-json\/wp\/v2\/pages\/1706","targetHints":{"allow":["GET"]}}],"collection":[{"href":"https:\/\/abrahamderoman.com\/clasesdejazz\/wp-json\/wp\/v2\/pages"}],"about":[{"href":"https:\/\/abrahamderoman.com\/clasesdejazz\/wp-json\/wp\/v2\/types\/page"}],"author":[{"embeddable":true,"href":"https:\/\/abrahamderoman.com\/clasesdejazz\/wp-json\/wp\/v2\/users\/1"}],"replies":[{"embeddable":true,"href":"https:\/\/abrahamderoman.com\/clasesdejazz\/wp-json\/wp\/v2\/comments?post=1706"}],"version-history":[{"count":0,"href":"https:\/\/abrahamderoman.com\/clasesdejazz\/wp-json\/wp\/v2\/pages\/1706\/revisions"}],"wp:attachment":[{"href":"https:\/\/abrahamderoman.com\/clasesdejazz\/wp-json\/wp\/v2\/media?parent=1706"}],"curies":[{"name":"wp","href":"https:\/\/api.w.org\/{rel}","templated":true}]}}